{"id":9964,"date":"2022-02-08T20:22:42","date_gmt":"2022-02-08T20:22:42","guid":{"rendered":"https:\/\/sarriaturismo.com\/recorre\/rutas-senderismo\/ruta-monte-sta-cristina\/"},"modified":"2022-04-20T14:15:54","modified_gmt":"2022-04-20T14:15:54","slug":"ruta-monte-sta-cristina","status":"publish","type":"page","link":"https:\/\/sarriaturismo.com\/gl\/recorre\/rutas-senderismo\/ruta-monte-sta-cristina\/","title":{"rendered":"Ruta do Monte de Sta. Cristina"},"content":{"rendered":"<p>S\u00e1ese da praza da Vila pola R\u00faa Mat\u00edas L\u00f3pez en direcci\u00f3n Lugo. Ao chegar \u00e1s Pontes Novas do Mazadoiro, c\u00f3llese \u00e1 esquerda e pola R\u00faa da F\u00e1brica s\u00e9guese ata Treil\u00e1n, onde se pode ver a Casa Sarry (antiga curtidora de coiros). Seguimos pola estrada de Goi\u00e1n en direcci\u00f3n a Santalla de Arxemil, c\u00f3llese a pista da &#8220;Entulleira de  lixo&#8221; e s\u00f3bese cara ao monte de Sta. Cristina por unha pista de terra. B\u00fascase a pista ascendente, e desde o miradoiro cont\u00e9mplase a magn\u00edfica vista da Veiga. Subimos ata a cima e descendemos pola saia Norte en direcci\u00f3n \u00e1 Fonte de Valmao, desde onde, pola estrada de Lugo, regr\u00e9sase a Sarria.<\/p>\n","protected":false},"excerpt":{"rendered":"<p>S\u00e1ese da praza da Vila pola R\u00faa Mat\u00edas L\u00f3pez en direcci\u00f3n Lugo. Ao chegar \u00e1s Pontes Novas do Mazadoiro, c\u00f3llese \u00e1 esquerda e pola R\u00faa da F\u00e1brica s\u00e9guese ata Treil\u00e1n, onde se pode ver a Casa Sarry (antiga curtidora de coiros). Seguimos pola estrada de Goi\u00e1n en direcci\u00f3n a Santalla de Arxemil, c\u00f3llese a pista [&#8230;]\n","protected":false},"author":1,"featured_media":0,"parent":9823,"menu_order":0,"comment_status":"closed","ping_status":"closed","template":"","meta":{"inline_featured_image":false,"h5ap_radio_sources":[],"footnotes":""},"class_list":{"1":"page"},"_links":{"self":[{"href":"https:\/\/sarriaturismo.com\/gl\/wp-json\/wp\/v2\/pages\/9964","targetHints":{"allow":["GET"]}}],"collection":[{"href":"https:\/\/sarriaturismo.com\/gl\/wp-json\/wp\/v2\/pages"}],"about":[{"href":"https:\/\/sarriaturismo.com\/gl\/wp-json\/wp\/v2\/types\/page"}],"author":[{"embeddable":true,"href":"https:\/\/sarriaturismo.com\/gl\/wp-json\/wp\/v2\/users\/1"}],"replies":[{"embeddable":true,"href":"https:\/\/sarriaturismo.com\/gl\/wp-json\/wp\/v2\/comments?post=9964"}],"version-history":[{"count":0,"href":"https:\/\/sarriaturismo.com\/gl\/wp-json\/wp\/v2\/pages\/9964\/revisions"}],"up":[{"embeddable":true,"href":"https:\/\/sarriaturismo.com\/gl\/wp-json\/wp\/v2\/pages\/9823"}],"wp:attachment":[{"href":"https:\/\/sarriaturismo.com\/gl\/wp-json\/wp\/v2\/media?parent=9964"}],"curies":[{"name":"wp","href":"https:\/\/api.w.org\/{rel}","templated":true}]}}