{"id":9951,"date":"2021-06-28T22:32:14","date_gmt":"2021-06-28T22:32:14","guid":{"rendered":"https:\/\/sarriaturismo.com\/creditos\/"},"modified":"2025-08-12T22:01:48","modified_gmt":"2025-08-12T22:01:48","slug":"creditos","status":"publish","type":"page","link":"https:\/\/sarriaturismo.com\/gl\/creditos\/","title":{"rendered":"Cr\u00e9ditos"},"content":{"rendered":"<p>Este sitio foi feito co traballo, cari\u00f1o e experiencia dun gran equipo, a destacar:<\/p>\n<ul>\n<li>Raquel Tresguerres, Dise\u00f1adora Digital,<\/li>\n<li>Virginia Romera, Copy &amp; Storyteller,<\/li>\n<li>Jes\u00fas Quintana, Front-end, desenvolvemento e direcci\u00f3n<\/li>\n<li>Ram\u00f3n de Santiago, Back-end, programaci\u00f3n,<\/li>\n<li>Jos\u00e9 Mar\u00eda D\u00edaz Bern\u00e1rdez, Fotograf\u00eda,<\/li>\n<li>V\u00edctor Formoselle, Fotograf\u00eda e v\u00eddeo,<\/li>\n<li>Manuel Somoza, Fotograf\u00eda,<\/li>\n<li>Trevor Huxham, Fotograf\u00eda,<\/li>\n<\/ul>\n<p>E dem\u00e1is traballadores do Concello<\/p>\n<p>Gracias especialmente a Arlindo (Xaime F\u00e9lix L\u00f3pez Arias), Cronista de Sarria.<\/p>\n<p>&nbsp;<\/p>\n<p>&nbsp;<\/p>\n","protected":false},"excerpt":{"rendered":"<p>Este sitio foi feito co traballo, cari\u00f1o e experiencia dun gran equipo, a destacar: Raquel Tresguerres, Dise\u00f1adora Digital, Virginia Romera, Copy &amp; Storyteller, Jes\u00fas Quintana, Front-end, desenvolvemento e direcci\u00f3n Ram\u00f3n de Santiago, Back-end, programaci\u00f3n, Jos\u00e9 Mar\u00eda D\u00edaz Bern\u00e1rdez, Fotograf\u00eda, V\u00edctor Formoselle, Fotograf\u00eda e v\u00eddeo, Manuel Somoza, Fotograf\u00eda, Trevor Huxham, Fotograf\u00eda, E dem\u00e1is traballadores do Concello [&#8230;]\n","protected":false},"author":1,"featured_media":0,"parent":0,"menu_order":0,"comment_status":"closed","ping_status":"closed","template":"","meta":{"inline_featured_image":false,"h5ap_radio_sources":[],"footnotes":""},"class_list":{"1":"page"},"_links":{"self":[{"href":"https:\/\/sarriaturismo.com\/gl\/wp-json\/wp\/v2\/pages\/9951","targetHints":{"allow":["GET"]}}],"collection":[{"href":"https:\/\/sarriaturismo.com\/gl\/wp-json\/wp\/v2\/pages"}],"about":[{"href":"https:\/\/sarriaturismo.com\/gl\/wp-json\/wp\/v2\/types\/page"}],"author":[{"embeddable":true,"href":"https:\/\/sarriaturismo.com\/gl\/wp-json\/wp\/v2\/users\/1"}],"replies":[{"embeddable":true,"href":"https:\/\/sarriaturismo.com\/gl\/wp-json\/wp\/v2\/comments?post=9951"}],"version-history":[{"count":0,"href":"https:\/\/sarriaturismo.com\/gl\/wp-json\/wp\/v2\/pages\/9951\/revisions"}],"wp:attachment":[{"href":"https:\/\/sarriaturismo.com\/gl\/wp-json\/wp\/v2\/media?parent=9951"}],"curies":[{"name":"wp","href":"https:\/\/api.w.org\/{rel}","templated":true}]}}