{"id":9845,"date":"2021-06-09T23:22:24","date_gmt":"2021-06-09T23:22:24","guid":{"rendered":"https:\/\/sarriaturismo.com\/recorre\/rutas-senderismo\/ruta-aceas\/"},"modified":"2022-04-20T14:13:01","modified_gmt":"2022-04-20T14:13:01","slug":"ruta-aceas","status":"publish","type":"page","link":"https:\/\/sarriaturismo.com\/gl\/recorre\/rutas-senderismo\/ruta-aceas\/","title":{"rendered":"Roteiro da Foz das Aceas"},"content":{"rendered":"<p>Os bosques galegos son berce de contos fant\u00e1sticos con infinitos misterios. As Aceas non \u00e9 a excepci\u00f3n e garda no seu interior secretos, como a Cova de Gaspar, onde segundo relatan os alde\u00e1ns refuxiouse un home con ese nome durante a Guerra Civil espa\u00f1ola para poder salvar a vida. Os sarriaos lembran As Aceas e a gruta como o lugar onde \u00edan coas s\u00faas cuadrillas cando eran mozas para pasar as tardes de ver\u00e1n. Hoxe converteuse no roteiro m\u00e1is visitado e preferido para cami\u00f1ar, relaxarse e gozar da natureza.<\/p>\n<p><iframe style=\"width: 100%; height: 517px; border: 0;\" src=\"https:\/\/www.outdooractive.com\/es\/embed\/212670153\/iframe?mw=false\"><\/iframe><\/p>\n<p><iframe loading=\"lazy\" title=\"YouTube video player\" src=\"https:\/\/www.youtube.com\/embed\/iDNrGt0V8XU\" width=\"100%\" height=\"515\" frameborder=\"0\" allowfullscreen=\"allowfullscreen\"><\/iframe><\/p>\n","protected":false},"excerpt":{"rendered":"<p>Os bosques galegos son berce de contos fant\u00e1sticos con infinitos misterios. As Aceas non \u00e9 a excepci\u00f3n e garda no seu interior secretos, como a Cova de Gaspar, onde segundo relatan os alde\u00e1ns refuxiouse un home con ese nome durante a Guerra Civil espa\u00f1ola para poder salvar a vida. Os sarriaos lembran As Aceas e [&#8230;]\n","protected":false},"author":1,"featured_media":9850,"parent":9823,"menu_order":0,"comment_status":"closed","ping_status":"closed","template":"","meta":{"inline_featured_image":false,"h5ap_radio_sources":[],"footnotes":""},"class_list":{"1":"page","4":"has-post-thumbnail"},"_links":{"self":[{"href":"https:\/\/sarriaturismo.com\/gl\/wp-json\/wp\/v2\/pages\/9845","targetHints":{"allow":["GET"]}}],"collection":[{"href":"https:\/\/sarriaturismo.com\/gl\/wp-json\/wp\/v2\/pages"}],"about":[{"href":"https:\/\/sarriaturismo.com\/gl\/wp-json\/wp\/v2\/types\/page"}],"author":[{"embeddable":true,"href":"https:\/\/sarriaturismo.com\/gl\/wp-json\/wp\/v2\/users\/1"}],"replies":[{"embeddable":true,"href":"https:\/\/sarriaturismo.com\/gl\/wp-json\/wp\/v2\/comments?post=9845"}],"version-history":[{"count":0,"href":"https:\/\/sarriaturismo.com\/gl\/wp-json\/wp\/v2\/pages\/9845\/revisions"}],"up":[{"embeddable":true,"href":"https:\/\/sarriaturismo.com\/gl\/wp-json\/wp\/v2\/pages\/9823"}],"wp:featuredmedia":[{"embeddable":true,"href":"https:\/\/sarriaturismo.com\/gl\/wp-json\/wp\/v2\/media\/9850"}],"wp:attachment":[{"href":"https:\/\/sarriaturismo.com\/gl\/wp-json\/wp\/v2\/media?parent=9845"}],"curies":[{"name":"wp","href":"https:\/\/api.w.org\/{rel}","templated":true}]}}