{"id":9834,"date":"2022-02-08T20:24:31","date_gmt":"2022-02-08T20:24:31","guid":{"rendered":"https:\/\/sarriaturismo.com\/recorre\/rutas-senderismo\/os-monasterios\/"},"modified":"2022-04-20T14:11:30","modified_gmt":"2022-04-20T14:11:30","slug":"os-monasterios","status":"publish","type":"page","link":"https:\/\/sarriaturismo.com\/gl\/recorre\/rutas-senderismo\/os-monasterios\/","title":{"rendered":"Os mosteiros"},"content":{"rendered":"<p>S\u00e1ese desde a Casa do Concello pola r\u00faa Conde de Lemos. Vis\u00edtase a igrexa e o cruceiro de Santiago de Farb\u00e1n, e t\u00f3mase a pista que hai \u00e1 dereita.<br \/>\nP\u00e1sase por Vilari\u00f1o, onde hai unha boa mostra de especies arb\u00f3reas, e pola pista da esquerda b\u00fascase a estrada de Pi\u00f1eira.<br \/>\nVis\u00edtase a igrexa de Alb\u00e1n cara a San Paio de Pi\u00f1eira (antigo mosteiro) e por Vilela, despois de atravesar a preciosa ponte do ferrocarril, ch\u00e9gase a San Miguel de Pi\u00f1eira (antigo mosteiro) onde hai un cruceiro.<br \/>\nPola pista asc\u00e9ndese ata Cedr\u00f3n (pola pista que sobe atop\u00e1monos a lagoa dos Trit\u00f3s, un precioso e tranquilo lago no que abundan os trit\u00f3ns ib\u00e9ricos (<em>Lissotriton boscai<\/em>)) e seguindo cara ao norte da pista (antigo cami\u00f1o Real de Lugo a Monforte) pola Chafarica e Abeledo p\u00e1sase por Melle, e desde al\u00ed a San Marti\u00f1o (antigo mosteiro) e por Rente (fermoso con campo con Robles) \u00e1 igrexa de Barbadelo (antigo mosteiro). Por Vilei s\u00e9guese en direcci\u00f3n \u00e1 estrada de Portomarin e por ela se baixa cara \u00e1 Sarria.<\/p>\n","protected":false},"excerpt":{"rendered":"<p>S\u00e1ese desde a Casa do Concello pola r\u00faa Conde de Lemos. Vis\u00edtase a igrexa e o cruceiro de Santiago de Farb\u00e1n, e t\u00f3mase a pista que hai \u00e1 dereita. P\u00e1sase por Vilari\u00f1o, onde hai unha boa mostra de especies arb\u00f3reas, e pola pista da esquerda b\u00fascase a estrada de Pi\u00f1eira. Vis\u00edtase a igrexa de Alb\u00e1n [&#8230;]\n","protected":false},"author":1,"featured_media":0,"parent":9823,"menu_order":0,"comment_status":"closed","ping_status":"closed","template":"","meta":{"inline_featured_image":false,"h5ap_radio_sources":[],"footnotes":""},"class_list":{"1":"page"},"_links":{"self":[{"href":"https:\/\/sarriaturismo.com\/gl\/wp-json\/wp\/v2\/pages\/9834","targetHints":{"allow":["GET"]}}],"collection":[{"href":"https:\/\/sarriaturismo.com\/gl\/wp-json\/wp\/v2\/pages"}],"about":[{"href":"https:\/\/sarriaturismo.com\/gl\/wp-json\/wp\/v2\/types\/page"}],"author":[{"embeddable":true,"href":"https:\/\/sarriaturismo.com\/gl\/wp-json\/wp\/v2\/users\/1"}],"replies":[{"embeddable":true,"href":"https:\/\/sarriaturismo.com\/gl\/wp-json\/wp\/v2\/comments?post=9834"}],"version-history":[{"count":0,"href":"https:\/\/sarriaturismo.com\/gl\/wp-json\/wp\/v2\/pages\/9834\/revisions"}],"up":[{"embeddable":true,"href":"https:\/\/sarriaturismo.com\/gl\/wp-json\/wp\/v2\/pages\/9823"}],"wp:attachment":[{"href":"https:\/\/sarriaturismo.com\/gl\/wp-json\/wp\/v2\/media?parent=9834"}],"curies":[{"name":"wp","href":"https:\/\/api.w.org\/{rel}","templated":true}]}}