{"id":9830,"date":"2022-02-08T20:23:44","date_gmt":"2022-02-08T20:23:44","guid":{"rendered":"https:\/\/sarriaturismo.com\/recorre\/rutas-senderismo\/monte-paramo\/"},"modified":"2022-04-20T14:07:31","modified_gmt":"2022-04-20T14:07:31","slug":"monte-paramo","status":"publish","type":"page","link":"https:\/\/sarriaturismo.com\/gl\/recorre\/rutas-senderismo\/monte-paramo\/","title":{"rendered":"Monte do P\u00e1ramo"},"content":{"rendered":"<p>Sa\u00edndo de Sarria pola Ponte da \u00c1spera, cr\u00fazase o FFCC, e por Penagache vaise en direcci\u00f3n \u00e1 igrexa de Maside e por O Correal e A Lagoa s\u00e9guese ata Rosende polo monte de Macaque. Desde al\u00ed, pola pista do monte de Meixente (Monte Lodeiro) s\u00e9guese \u00e1 dereita en direcci\u00f3n \u00e1 Serra do monte, sa\u00edndo da pista de Goi\u00e1n a Friolfe, ascendendo cara ao monte P\u00e1ramo, onde se pode visitar o centro emisor de televisi\u00f3n, desde al\u00ed b\u00e1ixase \u00e1 Capela de San Marcos, e por un atallo alc\u00e1nzase a pista que vai ata o Chao de Domiz. Despois polo Sisto, Mouz\u00f3s, Nab\u00e1s e a Granxa de Barreiros ch\u00e9gase ao mes\u00f3n do Romeo, e polas pistas de concentraci\u00f3n de Maside b\u00e1ixase por Zanfoga ata Penagache, xa en direcci\u00f3n a Sarria.<\/p>\n","protected":false},"excerpt":{"rendered":"<p>Sa\u00edndo de Sarria pola Ponte da \u00c1spera, cr\u00fazase o FFCC, e por Penagache vaise en direcci\u00f3n \u00e1 igrexa de Maside e por O Correal e A Lagoa s\u00e9guese ata Rosende polo monte de Macaque. Desde al\u00ed, pola pista do monte de Meixente (Monte Lodeiro) s\u00e9guese \u00e1 dereita en direcci\u00f3n \u00e1 Serra do monte, sa\u00edndo da [&#8230;]\n","protected":false},"author":1,"featured_media":0,"parent":9823,"menu_order":0,"comment_status":"closed","ping_status":"closed","template":"","meta":{"inline_featured_image":false,"h5ap_radio_sources":[],"footnotes":""},"class_list":{"1":"page"},"_links":{"self":[{"href":"https:\/\/sarriaturismo.com\/gl\/wp-json\/wp\/v2\/pages\/9830","targetHints":{"allow":["GET"]}}],"collection":[{"href":"https:\/\/sarriaturismo.com\/gl\/wp-json\/wp\/v2\/pages"}],"about":[{"href":"https:\/\/sarriaturismo.com\/gl\/wp-json\/wp\/v2\/types\/page"}],"author":[{"embeddable":true,"href":"https:\/\/sarriaturismo.com\/gl\/wp-json\/wp\/v2\/users\/1"}],"replies":[{"embeddable":true,"href":"https:\/\/sarriaturismo.com\/gl\/wp-json\/wp\/v2\/comments?post=9830"}],"version-history":[{"count":0,"href":"https:\/\/sarriaturismo.com\/gl\/wp-json\/wp\/v2\/pages\/9830\/revisions"}],"up":[{"embeddable":true,"href":"https:\/\/sarriaturismo.com\/gl\/wp-json\/wp\/v2\/pages\/9823"}],"wp:attachment":[{"href":"https:\/\/sarriaturismo.com\/gl\/wp-json\/wp\/v2\/media?parent=9830"}],"curies":[{"name":"wp","href":"https:\/\/api.w.org\/{rel}","templated":true}]}}