{"id":9776,"date":"2021-09-19T20:35:51","date_gmt":"2021-09-19T20:35:51","guid":{"rendered":"https:\/\/sarriaturismo.com\/terminos\/"},"modified":"2022-04-20T19:29:22","modified_gmt":"2022-04-20T19:29:22","slug":"terminos","status":"publish","type":"page","link":"https:\/\/sarriaturismo.com\/gl\/terminos\/","title":{"rendered":"T\u00e9rminos e condici\u00f3ns"},"content":{"rendered":"<p>LEI DOS SERVIZOS DA SOCIEDADE DA INFORMACI\u00d3N (LSSI)<\/p>\n<p>CONCELLO DE SARRIA, responsable do sitio web, en diante RESPONSABLE, pon a disposici\u00f3n dos usuarios o presente documento, co que pretende dar cumprimento \u00e1s obrigas dispostas na Lei 34\/2002, do 11 de xullo, de Servizos da Sociedade da Informaci\u00f3n e de Comercio Electr\u00f3nico (LSSICE), BOE N \u00ba 166, as\u00ed como informar a todos os usuarios do sitio web respecto de cales son as condici\u00f3ns de uso.<\/p>\n<p>Toda persoa que acceda a este sitio web asume o papel de usuario, compromet\u00e9ndose \u00e1 observancia e cumprimento rigoroso das disposici\u00f3ns aqu\u00ed dispostas, as\u00ed como a calquera outra disposici\u00f3n legal que fose de aplicaci\u00f3n.<\/p>\n<p>CONCELLO DE SARRIA res\u00e9rvase o dereito de modificar calquera tipo de informaci\u00f3n que puidese aparecer no sitio web, sen que exista obriga de preavisar ou po\u00f1er en co\u00f1ecemento dos usuarios ditas obrigas, entend\u00e9ndose como suficiente coa publicaci\u00f3n no sitio web de CONCELLO DE SARRIA.<\/p>\n<p>1. DATOS IDENTIFICATIVOS<\/p>\n<p>Nome de dominio: https:\/\/www.sarria.es<br \/>\nDenominaci\u00f3n social: CONCELLO DE SARRIA<br \/>\nNIF: P2705700I<br \/>\nTel\u00e9fono: 982 535 000<br \/>\ne-mail: concellodesarria@sarria.es<\/p>\n<p>2. DEREITOS DE PROPIEDADE INTELECTUAL E INDUSTRIAL<\/p>\n<p>O sitio web, inclu\u00edndo a t\u00edtulo enunciativo pero non limitativo a s\u00faa programaci\u00f3n, edici\u00f3n, compilaci\u00f3n e dem\u00e1is elementos necesarios para o seu funcionamento, os dese\u00f1os, logotipos, texto e\/ou gr\u00e1ficos, son propiedade do RESPONSABLE ou, se \u00e9 o caso, disp\u00f3n de licenza ou autorizaci\u00f3n expresa por parte dos autores. Todos os contidos do sitio web at\u00f3panse debidamente protexidos pola normativa de propiedade intelectual e industrial, as\u00ed como inscritos nos rexistros p\u00fablicos correspondentes. Independentemente da finalidade para a que fosen destinados, a reproduci\u00f3n total ou parcial, uso, explotaci\u00f3n, distribuci\u00f3n e comercializaci\u00f3n, require en todo caso da autorizaci\u00f3n escrita previa por parte do RESPONSABLE. Calquera uso non autorizado previamente consid\u00e9rase un incumprimento grave dos dereitos de propiedade intelectual ou industrial do autor. Os dese\u00f1os, logotipos, texto e\/ou gr\u00e1ficos alleos ao RESPONSABLE e que puidesen aparecer no sitio web, pertencen aos seus respectivos propietarios, sendo eles mesmos responsables de calquera posible controversia que puidese suscitarse respecto dos mesmos. O RESPONSABLE autoriza expresamente a que terceiros poidan redirixir directamente aos contidos concretos do sitio web, e en todo caso redirixir ao sitio web principal.<\/p>\n<p>O RESPONSABLE reco\u00f1ece a favor dos seus titulares os correspondentes dereitos de propiedade intelectual e industrial, non implicando a s\u00faa soa menci\u00f3n ou aparici\u00f3n no sitio web a existencia de dereitos ou responsabilidade algunha sobre os mesmos, como tampouco respaldo, patrocinio ou recomendaci\u00f3n por parte do mesmo.<\/p>\n<p>Para realizar calquera tipo de observaci\u00f3n respecto de posibles incumprimentos dos dereitos de propiedade intelectual ou industrial, as\u00ed como sobre calquera dos contidos do sitio web, pode facelo a trav\u00e9s do correo electr\u00f3nico informatica@sarria.es<\/p>\n<p>3. EXENCI\u00d3N DE RESPONSABILIDADES<\/p>\n<p>O RESPONSABLE ex\u00edmese de calquera tipo de responsabilidade derivada da informaci\u00f3n publicada no seu sitio web, sempre que esta informaci\u00f3n fose manipulada ou introducida por un terceiro alleo ao mesmo.<\/p>\n<p>Uso de Cookies<\/p>\n<p>Este sitio web pode utilizar cookies t\u00e9cnicas (pequenos arquivos de informaci\u00f3n que o servidor env\u00eda ao computador de quen accede \u00e1 p\u00e1xina) para levar a cabo determinadas funci\u00f3ns que son consideradas imprescindibles para o correcto funcionamento e visualizaci\u00f3n do sitio. As cookies utilizadas te\u00f1en, en todo caso, car\u00e1cter temporal, coa \u00fanica finalidade de facer m\u00e1is eficaz a navegaci\u00f3n, e desaparecen ao terminar a sesi\u00f3n do usuario. En ning\u00fan caso estas cookies proporcionan por si mesmas datos de car\u00e1cter persoal, e non se utilizar\u00e1n para a recollida dos mesmos.<\/p>\n<p>Mediante o uso de cookies tam\u00e9n \u00e9 posible que o servidor onde se atopa a web reco\u00f1eza o navegador utilizado polo usuario coa finalidade de que a navegaci\u00f3n sexa m\u00e1is sinxela, permitindo, por exemplo, o acceso dos usuarios que se rexistraron previamente \u00e1s \u00e1reas, servizos, promoci\u00f3ns ou concursos reservados exclusivamente a eles sen ter que rexistrarse en cada visita. Tam\u00e9n se poden utilizar para medir a audiencia, par\u00e1metros de tr\u00e1fico, controlar o progreso e n\u00famero de entradas, etc., sendo nestes casos cookies prescindibles tecnicamente pero beneficiosas para o usuario. Este sitio web non instalar\u00e1 cookies prescindibles sen o consentimento previo do usuario.<\/p>\n<p>Este sitio web utiliza cookies anal\u00edticas (_ ga ou _ utm) propiedade de Google Analytics, persistentes durante 2 anos, para habilitar a funci\u00f3n de control de visitas \u00fanicas con o fin de facilitarlle a s\u00faa navegaci\u00f3n. A todo usuario que visita a web inf\u00f3rmaselle do uso destas cookies mediante un banner flotante, considerando que se contin\u00faa navegando est\u00e1 de acordo co seu uso. No caso de aceptar o seu uso, o banner desaparecer\u00e1, a\u00ednda que en todo momento poder\u00e1 revogar o consentimento e obter m\u00e1is informaci\u00f3n consultando a nosa Pol\u00edtica de cookies.<\/p>\n<p>O usuario ten a posibilidade de configurar o seu navegador para ser alertado da recepci\u00f3n de cookies e para impedir a s\u00faa instalaci\u00f3n no seu equipo. Por favor, consulte as instruci\u00f3ns do seu navegador para ampliar esta informaci\u00f3n.<\/p>\n<p>Pol\u00edtica de ligaz\u00f3ns<\/p>\n<p>Desde o sitio web, \u00e9 posible que se redirixa a contidos de terceiros sitios web. Dado que o RESPONSABLE non pode controlar sempre os contidos introducidos por terceiros nos seus respectivos sitios web, non asume ning\u00fan tipo de responsabilidade respecto de devanditos contidos. En todo caso, proceder\u00e1 \u00e1 retirada inmediata de calquera contido que puidese contravir a lexislaci\u00f3n nacional ou internacional, a moral ou a orde p\u00fablica, procedendo \u00e1 retirada inmediata da redirecci\u00f3n ao devandito sitio web, po\u00f1endo en co\u00f1ecemento das autoridades competentes o contido en cuesti\u00f3n.<\/p>\n<p>O RESPONSABLE non se fai responsable da informaci\u00f3n e contidos almacenados, a t\u00edtulo enunciativo pero non limitativo, en foros, chats, xeradores de blogues, comentarios, redes sociais ou calquera outro medio que permita a terceiros publicar contidos de forma independente na p\u00e1xina web do RESPONSABLE. Con todo, e en cumprimento do disposto nos artigos 11 e 16 de a LSSICE, ponse a disposici\u00f3n de todos os usuarios, autoridades e forzas de seguridade, colaborando de forma activa na retirada ou, no seu caso, bloqueo de todos aqueles contidos que poidan afectar ou contravir a lexislaci\u00f3n nacional ou internacional, os dereitos de terceiros ou a moral e a orde p\u00fablica. No caso de que o usuario considere que existe no sitio web alg\u00fan contido que puidese ser susceptible desta clasificaci\u00f3n, pr\u00e9gase notif\u00edqueo de forma inmediata ao administrador do sitio web. Este sitio web foi revisado e probado para que funcione correctamente. En principio, pode garantirse o correcto funcionamento os 365 d\u00edas do ano, 24 horas ao d\u00eda. Con todo, o RESPONSABLE non descarta a posibilidade de que existan certos erros de programaci\u00f3n, ou que acontezan causas de forza maior, cat\u00e1strofes naturais, folgas ou circunstancias semellantes que fagan imposible o acceso \u00e1 p\u00e1xina web. Direcci\u00f3ns IP: Os servidores do sitio web poder\u00e1n detectar de maneira autom\u00e1tica a direcci\u00f3n IP e o nome de dominio utilizados polo usuario. Unha direcci\u00f3n IP \u00e9 un n\u00famero asignado automaticamente a un computador cando este se con\u00e9cta a Internet. Toda esta informaci\u00f3n \u00e9 rexistrada nun ficheiro de actividade do servidor debidamente inscrito que permite o posterior procesamento dos datos co fin de obter medici\u00f3ns unicamente estat\u00edsticas que permitan co\u00f1ecer o n\u00famero de impresi\u00f3ns de p\u00e1xinas, o n\u00famero de visitas realizadas aos servidores web, a orde de visitas, o punto de acceso, etc.<\/p>\n<p>4. LEI APLICABLE E XURISDICI\u00d3N<\/p>\n<p>Para a resoluci\u00f3n de todas as controversias ou cuesti\u00f3ns relacionadas co presente sitio web ou das actividades nel desenvolvidas, ser\u00e1 de aplicaci\u00f3n a lexislaci\u00f3n espa\u00f1ola, \u00e1 que se someten expresamente as partes, sendo competentes para a resoluci\u00f3n de todos os conflitos derivados ou relacionados co seu uso os Xulgados e Tribunais m\u00e1is pr\u00f3ximos a SARRIA.<\/p>\n","protected":false},"excerpt":{"rendered":"<p>LEI DOS SERVIZOS DA SOCIEDADE DA INFORMACI\u00d3N (LSSI) CONCELLO DE SARRIA, responsable do sitio web, en diante RESPONSABLE, pon a disposici\u00f3n dos usuarios o presente documento, co que pretende dar cumprimento \u00e1s obrigas dispostas na Lei 34\/2002, do 11 de xullo, de Servizos da Sociedade da Informaci\u00f3n e de Comercio Electr\u00f3nico (LSSICE), BOE N \u00ba [&#8230;]\n","protected":false},"author":1,"featured_media":0,"parent":0,"menu_order":0,"comment_status":"closed","ping_status":"closed","template":"","meta":{"inline_featured_image":false,"h5ap_radio_sources":[],"footnotes":""},"class_list":{"1":"page"},"_links":{"self":[{"href":"https:\/\/sarriaturismo.com\/gl\/wp-json\/wp\/v2\/pages\/9776","targetHints":{"allow":["GET"]}}],"collection":[{"href":"https:\/\/sarriaturismo.com\/gl\/wp-json\/wp\/v2\/pages"}],"about":[{"href":"https:\/\/sarriaturismo.com\/gl\/wp-json\/wp\/v2\/types\/page"}],"author":[{"embeddable":true,"href":"https:\/\/sarriaturismo.com\/gl\/wp-json\/wp\/v2\/users\/1"}],"replies":[{"embeddable":true,"href":"https:\/\/sarriaturismo.com\/gl\/wp-json\/wp\/v2\/comments?post=9776"}],"version-history":[{"count":0,"href":"https:\/\/sarriaturismo.com\/gl\/wp-json\/wp\/v2\/pages\/9776\/revisions"}],"wp:attachment":[{"href":"https:\/\/sarriaturismo.com\/gl\/wp-json\/wp\/v2\/media?parent=9776"}],"curies":[{"name":"wp","href":"https:\/\/api.w.org\/{rel}","templated":true}]}}