{"id":9606,"date":"2021-05-31T09:08:09","date_gmt":"2021-05-31T09:08:09","guid":{"rendered":"https:\/\/sarriaturismo.com\/info\/"},"modified":"2022-04-04T17:41:38","modified_gmt":"2022-04-04T17:41:38","slug":"info","status":"publish","type":"page","link":"https:\/\/sarriaturismo.com\/gl\/info\/","title":{"rendered":"Info pr\u00e1ctica para visitantes sobre Sarria"},"content":{"rendered":"\t<section class=\"section dark\" id=\"section_2105386125\">\n\t\t<div class=\"bg section-bg fill bg-fill  bg-loaded\" >\n\n\t\t\t\n\t\t\t\n\t\t\t\n\n\t\t<\/div>\n\n\t\t\n\n\t\t<div class=\"section-content relative\">\n\t\t\t\n\t<div id=\"text-39264378\" class=\"text\">\n\t\t\n<p>Todo o que necesitas saber<\/p>\n<h1>Informaci\u00f3n tur\u00edstica<\/h1>\n\t\t\n<style>\n#text-39264378 {\n  text-align: center;\n}\n<\/style>\n\t<\/div>\n\t\n<div class=\"row align-center\"  id=\"row-1476292530\">\n\n\t<div id=\"col-1482076481\" class=\"col medium-8 small-12 large-8\"  >\n\t\t\t\t<div class=\"col-inner\"  >\n\t\t\t\n\t\t\t\n\t<div id=\"text-4274979682\" class=\"text infotur\">\n\t\t\n<h2>Xeograf\u00eda<\/h2>\n<h3>\u00bfC\u00f3mo chegar?<\/h3>\n<p class=\"p18\">Sarria, cabeceira hist\u00f3rica dunha extensa e f\u00e9rtil comarca de case 1.000 km<sup>\u00b2<\/sup> chamada Terras de Sarria, composta por 7 concellos, est\u00e1 situada nunha encrucillada de cami\u00f1os a 31 km ao sur da cidade de Lugo, e no punto kilom\u00e9trico 114 no Cami\u00f1o de Santiago Franc\u00e9s.<\/p>\n<p>O concello ocupa unha posici\u00f3n central na metade sur da provincia de Lugo, que o converte nun enclave privilexiado e un lugar ideal como campamento base para percorrer a provincia pola s\u00faa proximidade \u00e1s Serras Orientais de Courel e Ancares, \u00e1 Ribeira Sacra e ao centro hist\u00f3rico de Lugo. Limita ao norte cos concellos de O P\u00e1ramo e L\u00e1ncara, ao leste co de Samos, e a 20km de Triacastela nesta direcci\u00f3n; ao oeste co de Paradela e, finalmente ao sur co do Incio.<\/p>\n<p>O n\u00facleo urbano de Sarria, moi ben comunicado, est\u00e1 atravesado pola LU-546 que \u00e9 a estrada que une Lugo con Ourense, pasando por Monforte; outra posibilidade para chegar a Lugo ou Monforte \u00e9 a V\u00eda de Altas Prestaci\u00f3ns CG 2.2. Concorren outras v\u00edas: a de Becerre\u00e1 (LU-636), e a que ven de Pedrafita e pasa por Samos e Portomar\u00edn (LU-633)<\/p>\n<p>Sarria tam\u00e9n conta coa li\u00f1a ferroviaria de A Coru\u00f1a \u2013 Monforte de Lemos.<\/p>\n<h4>Distancias por estrada:<\/h4>\n<ul>\n<li>Lugo: 31km. (Tempo aproximado 25 min.)<\/li>\n<li>Monforte: 32km. (Tempo aproximado 25 min.)<\/li>\n<li>Ribadeo: (Tempo aproximado 1h 30min.)<\/li>\n<li>A Coru\u00f1a: 120km. (Tempo aproximado 55min.)<\/li>\n<li>Ferrol: 126km. (Tempo aproximado 1h 10min.)<\/li>\n<li>Santiago de Compostela: 116km. (Tempo aproximado 1h 30min)<\/li>\n<li>Ourense: 73km. (Tempo aproximado 55 min.)<\/li>\n<li>Pontevedra: 144km. (Tempo aproximado 2h 20min.)<\/li>\n<li>Vigo: 161km. (Tempo aproximado 1h 20min.)<\/li>\n<\/ul>\n<p>EN AUTOB\u00daS<\/p>\n<ul>\n<li>Monbus\n<ul>\n<li>Lugo<\/li>\n<li>Santiago de Compostela (realizando paradas en localidades do Cami\u00f1o de Santiago)<\/li>\n<li>Pedrafita do Cebreiro (realizando paradas en localidades do Cami\u00f1o de Santiago)<\/li>\n<li>Monforte de Lemos<\/li>\n<\/ul>\n<\/li>\n<\/ul>\n<p>M\u00e1is informaci\u00f3n e horarios: <a href=\"http:\/\/www.monbus.es\/\" rel=\"noopener\">www.monbus.es<\/a> Telf: 902 292 900<\/p>\n<ul>\n<li>Epsa (Empresa Portomar\u00edn)\n<ul>\n<li>Triacastela<\/li>\n<li>Pedrafita do Cebreiro<\/li>\n<li>Samos<\/li>\n<li>Portomar\u00edn<\/li>\n<li>Palas de Rei<\/li>\n<\/ul>\n<\/li>\n<\/ul>\n<p>M\u00e1is informaci\u00f3n e horarios:<a href=\"https:\/\/empresaportomarin.com\/noticias\/rutas\" rel=\"noopener\">https:\/\/empresaportomarin.com\/noticias\/rutas<\/a> Telf: 627980138<\/p>\n<p>EN TREN<\/p>\n<ul>\n<li>Estaci\u00f3n de tren de Sarria.\n<ul>\n<li>Trenes directos con localidades principais:\n<ul>\n<li>Lugo<\/li>\n<li>Betanzos<\/li>\n<li>A Coru\u00f1a (enlace con Santiago de Compostela)<\/li>\n<li>Monforte de Lemos<\/li>\n<li>Ourense (enlace con Santiago de Compostela e Madrid en alta velocidade (AVE))<\/li>\n<li>O Barco de Valdeorras<\/li>\n<\/ul>\n<\/li>\n<\/ul>\n<\/li>\n<\/ul>\n<ul>\n<li>Territorio Nacional:\n<ul>\n<li>Madrid (Pasando por Segovia, Medina del Campo, Zamora, Puebla de Sanabria \u2013 Ave con enlace en Ourense).<\/li>\n<li>Barcelona (pasando por Ponferrada, Le\u00f3n, Palencia, Vitoria, Pamplona, Zaragoza, Lleida) con enlace Monforte de Lemos ou con enlace en Madrid Pasando por Segovia, Medina del Campo, Zamora, Puebla de Sanabria \u2013 (Ave con enlace en Ourense).<\/li>\n<\/ul>\n<\/li>\n<\/ul>\n<p>M\u00e1is informaci\u00f3n e horarios: <a href=\"http:\/\/www.renfe.com\/\" rel=\"noopener\">www.renfe.com<\/a><\/p>\n<p>EN AVI\u00d3N (aeroportos m\u00e1is pr\u00f3ximos)<\/p>\n<ul>\n<li>A Coru\u00f1a \u2013 Alvedro (LCG): www.aena.es<\/li>\n<li>Santiago de Compostela \u2013 Lavacolla (Rosal\u00eda de Castro) (SCQ): www.aena.es<\/li>\n<li>Vigo \u2013 Peinador (VG): www.aena.es<\/li>\n<\/ul>\n<h3>Clima e tempo<\/h3>\n<p class=\"p18\">O clima de Sarria combina caracter\u00edsticas dun clima oce\u00e1nico con influencia continental, como consecuencia da distancia do mar (90km) e a s\u00faa situaci\u00f3n dentro dun val.<\/p>\n<p class=\"p18\">Os invernos son fr\u00edos, con xeadas frecuentes, e os ver\u00e1ns suaves, sendo os meses con temperaturas m\u00e1is baixas de novembro a marzo, cunha temperatura media de 6 \u00b0C; e os meses con temperaturas m\u00e1is altas son xullo e agosto, cunha temperatura media de 18 \u00b0C. A oscilaci\u00f3n t\u00e9rmica \u00e9 de 13 \u00b0C.<\/p>\n<p class=\"p18\">A primavera chega a Sarria normalmente nalg\u00fan momento de marzo \/ abril. Os d\u00edas al\u00f3nganse r\u00e1pidamente e son m\u00e1is c\u00e1lidos, o que atrae \u00e1 xente \u00f3 val mentres a natureza florece ao seu redor.<\/p>\n<p class=\"p18\">Para co\u00f1ecer as \u00faltimas previsi\u00f3ns meteorol\u00f3xicas, consulte o sitio web https:\/\/www.meteogalicia.gal\/web\/predicion\/localidades\/localidadesIndex.action?idZona=27028 do Instituto Meteorol\u00f3xico de Galicia.<\/p>\n<p><iframe loading=\"lazy\" src=\"https:\/\/servizos.meteogalicia.gal\/widget\/html\/widget_concellos.html?codigo=27057&amp;language=es&amp;formato=normal&amp;dia=2&amp;temperatura=true&amp;viento=true&amp;choiva=true&amp;fondo=F3F3F8\" width=\"300\" height=\"430\"><\/iframe><\/p>\n<h2>Electricidade<\/h2>\n<p class=\"p18\">Voltaxe: 220-240 voltios. As tomas de corrente son dun dos dous tipos de enchufes est\u00e1ndar europeos: &#8220;Tipo C&#8221; Europlug e &#8220;Tipo E\/F&#8221; Schuko.<\/p>\n<h2>Servizos postais<\/h2>\n<p class=\"p18\">As oficinas de correos est\u00e1n abertas de 8:30 a 14:30h de luns a venres. Os buz\u00f3ns amarelos est\u00e1n disponibles para a s\u00faa recollida os d\u00edas laborables.<\/p>\n<p class=\"p18\">Os selos p\u00f3dense comprar nas oficinas de correos, librer\u00edas, quioscos e hoteis.<\/p>\n<p class=\"p18\">A Oficina Xeral de Correos de Sarria est\u00e1 situada en C\/ Calvo Sotelo, 183.<\/p>\n<h2>N\u00fameros de emerxencia<\/h2>\n<p class=\"p18\">O tel\u00e9fono da Polic\u00eda Local \u00e9 <a href=\"tel:+34982530850\">982530850<\/a> e o xeral de Emerxencias \u00e9 <a href=\"tel:+34112\">112<\/a>.<\/p>\n<h2>Farmacia e atenci\u00f3n m\u00e9dica<\/h2>\n<p class=\"p18\">Hai varias farmacias na vila. Busque o cartel &#8220;Farmacia&#8221;, coa cruz verde. Pode atopar a Farmacia de Guardia (24h) na web do <a href=\"https:\/\/www.coflugo.org\/guardia_dia.asp?ids=174\" rel=\"noopener\">Colexio Oficial de Farmac\u00e9uticos de Lugo<\/a><\/p>\n<h3>Servizo de urxencias:<\/h3>\n<p class=\"p18\">Centro de Sa\u00fade \/ Ambulatorio, R\u00faa do Toleiro, <a href=\"tel:+34 982 53 21 11\">+34 982 53 21 11<\/a>, Aberto as 24 horas.<\/p>\n\t\t\t<\/div>\n\t\n\t<div id=\"text-2585684058\" class=\"text\">\n\t\t\n<h2>\u00bfTes algunha outra consulta?<\/h2>\n<p class=\"green p18\">Ch\u00e1manos ao <a href=\"tel:+34 982 53 50 00\">+34 982 53 50 00<\/a><\/p>\n\t\t\n<style>\n#text-2585684058 {\n  text-align: right;\n}\n<\/style>\n\t<\/div>\n\t\n\t\t<\/div>\n\t\t\t\t\t<\/div>\n\n\t\n<\/div>\n\t\t<\/div>\n\n\t\t\n<style>\n#section_2105386125 {\n  padding-top: 30px;\n  padding-bottom: 30px;\n  background-color: rgb(24, 24, 24);\n}\n<\/style>\n\t<\/section>\n\t\n","protected":false},"excerpt":{"rendered":"","protected":false},"author":1,"featured_media":0,"parent":0,"menu_order":0,"comment_status":"closed","ping_status":"closed","template":"page-blank.php","meta":{"inline_featured_image":false,"h5ap_radio_sources":[],"footnotes":""},"class_list":{"1":"page"},"_links":{"self":[{"href":"https:\/\/sarriaturismo.com\/gl\/wp-json\/wp\/v2\/pages\/9606","targetHints":{"allow":["GET"]}}],"collection":[{"href":"https:\/\/sarriaturismo.com\/gl\/wp-json\/wp\/v2\/pages"}],"about":[{"href":"https:\/\/sarriaturismo.com\/gl\/wp-json\/wp\/v2\/types\/page"}],"author":[{"embeddable":true,"href":"https:\/\/sarriaturismo.com\/gl\/wp-json\/wp\/v2\/users\/1"}],"replies":[{"embeddable":true,"href":"https:\/\/sarriaturismo.com\/gl\/wp-json\/wp\/v2\/comments?post=9606"}],"version-history":[{"count":0,"href":"https:\/\/sarriaturismo.com\/gl\/wp-json\/wp\/v2\/pages\/9606\/revisions"}],"wp:attachment":[{"href":"https:\/\/sarriaturismo.com\/gl\/wp-json\/wp\/v2\/media?parent=9606"}],"curies":[{"name":"wp","href":"https:\/\/api.w.org\/{rel}","templated":true}]}}