{"id":9584,"date":"2021-08-09T12:14:16","date_gmt":"2021-08-09T12:14:16","guid":{"rendered":"https:\/\/sarriaturismo.com\/add\/"},"modified":"2022-04-20T17:32:14","modified_gmt":"2022-04-20T17:32:14","slug":"add","status":"publish","type":"page","link":"https:\/\/sarriaturismo.com\/gl\/add\/","title":{"rendered":"Engade o teu establecemento en Sarria"},"content":{"rendered":"\t<section class=\"section\" id=\"section_195504520\">\n\t\t<div class=\"bg section-bg fill bg-fill  bg-loaded\" >\n\n\t\t\t\n\t\t\t\n\t\t\t\n\n\t\t<\/div>\n\n\t\t\n\n\t\t<div class=\"section-content relative\">\n\t\t\t\n<div class=\"row\"  id=\"row-1686666860\">\n\n\t<div id=\"col-564983591\" class=\"col medium-7 small-12 large-7\"  >\n\t\t\t\t<div class=\"col-inner\"  >\n\t\t\t\n\t\t\t\n<p><strong>Benvido \u00e1 base de datos Sarria Local para engadir os teus lugares favoritos de Sarria ou actualizar a informaci\u00f3n sobre eles.<\/strong><\/p>\n<p>A base de datos Sarria Local \u00e9 mantida por Sarria Turismo e utilizada no sitio web sarriaturismo.com.<\/p>\n<p>\u00bfEs o propietario ou representante da empresa? Ao rexistrarte podes actualizar c\u00f3modamente a informaci\u00f3n sobre o teu local e engadir imaxes. Tam\u00e9n podes engadir novos locais e realizar cambios. Sarria Turismo comproba a informaci\u00f3n antes de publicala e res\u00e9rvase o dereito de modificar ou rexeitar a informaci\u00f3n.<\/p>\n\t\t<\/div>\n\t\t\t\t\t<\/div>\n\n\t\n\n\t<div id=\"col-1040225854\" class=\"col medium-5 small-12 large-5 small-col-first\"  >\n\t\t\t\t<div class=\"col-inner text-left\" style=\"background-color:#41c0a6;\" >\n\t\t\t\n\t\t\t\n\t<div id=\"text-1850056059\" class=\"text\">\n\t\t\n<p><a href=\"\/reg\/?page_type=register\">Engadir un novo lugar<\/a><br \/>\n<a href=\"\/reg\/?page_type=register\">Actualizar lugar existente<\/a><br \/>\n<a href=\"\/reg\/?page_type=register\">Informar de lugar pechado<\/a><br \/>\n\t\t\n<style>\n#text-1850056059 {\n  font-size: 1.5rem;\n  line-height: 2.6;\n}\n<\/style>\n\t<\/div>\n\t\n\t\t<\/div>\n\t\t\t\t\n<style>\n#col-1040225854 > .col-inner {\n  padding: 30px 30px 30px 30px;\n  border-radius: 7px;\n}\n<\/style>\n\t<\/div>\n\n\t\n<\/div>\n\t\t<\/div>\n\n\t\t\n<style>\n#section_195504520 {\n  padding-top: 30px;\n  padding-bottom: 30px;\n}\n<\/style>\n\t<\/section>\n\t\n","protected":false},"excerpt":{"rendered":"","protected":false},"author":1,"featured_media":0,"parent":0,"menu_order":0,"comment_status":"closed","ping_status":"closed","template":"","meta":{"inline_featured_image":false,"h5ap_radio_sources":[],"footnotes":""},"class_list":{"1":"page"},"_links":{"self":[{"href":"https:\/\/sarriaturismo.com\/gl\/wp-json\/wp\/v2\/pages\/9584","targetHints":{"allow":["GET"]}}],"collection":[{"href":"https:\/\/sarriaturismo.com\/gl\/wp-json\/wp\/v2\/pages"}],"about":[{"href":"https:\/\/sarriaturismo.com\/gl\/wp-json\/wp\/v2\/types\/page"}],"author":[{"embeddable":true,"href":"https:\/\/sarriaturismo.com\/gl\/wp-json\/wp\/v2\/users\/1"}],"replies":[{"embeddable":true,"href":"https:\/\/sarriaturismo.com\/gl\/wp-json\/wp\/v2\/comments?post=9584"}],"version-history":[{"count":0,"href":"https:\/\/sarriaturismo.com\/gl\/wp-json\/wp\/v2\/pages\/9584\/revisions"}],"wp:attachment":[{"href":"https:\/\/sarriaturismo.com\/gl\/wp-json\/wp\/v2\/media?parent=9584"}],"curies":[{"name":"wp","href":"https:\/\/api.w.org\/{rel}","templated":true}]}}