{"id":9581,"date":"2021-10-21T10:37:14","date_gmt":"2021-10-21T10:37:14","guid":{"rendered":"https:\/\/sarriaturismo.com\/accesibilidad\/"},"modified":"2022-04-02T08:42:42","modified_gmt":"2022-04-02T08:42:42","slug":"accesibilidad","status":"publish","type":"page","link":"https:\/\/sarriaturismo.com\/gl\/accesibilidad\/","title":{"rendered":"Accesibilidade"},"content":{"rendered":"<p>De acordo co <a title=\"Real Decreto 1112\/2018, de 7 de septiembre, sobre accesibilidade dos sitios web e aplicaci\u00f3ns para dispositivos m\u00f3biles do sector p\u00fablico. (Abre en nova xanela)\" href=\"http:\/\/www.boe.es\/diario_boe\/txt.php?id=BOE-A-2018-12699\" target=\"_blank\" rel=\"noopener\">Real Decreto 1112\/2018, de 7 de septembro, sobre accesibilidade dos sitios web e aplicaci\u00f3ns para dispositivos m\u00f3biles do sector p\u00fablico.<\/a><\/p>\n<p>A presente declaraci\u00f3n de accesibilidade aplicase ao sitio web <a title=\"\">sarriaturismo.com<\/a><\/p>\n<h2>Situaci\u00f3n de cumprimento<\/h2>\n<p>Este sitio web \u00e9 <strong>parcialmente conforme <\/strong>co RD 1112\/2018 debido \u00e1s excepci\u00f3ns e \u00e1 falta de conformidade dos aspectos que se indican a continuaci\u00f3n.<\/p>\n<h2>Contido non accesible<\/h2>\n<p>O contido que se recolle a continuaci\u00f3n non \u00e9 accesible polo seguinte:<\/p>\n<ol>\n<li>Falta de conformidade co RD 1112\/2018\n<ul>\n<li>Poder\u00eda haber ratio inadecuado de contraste de cores no men\u00fa da home na primeira captura, xa que \u00e9 un men\u00fa transparente para que se poda ver mellor o v\u00eddeo de fondo.<\/li>\n<li>Na home existe un v\u00eddeo &#8220;inmersivo&#8221; que non \u00e9 accesible. Por\u00e9n, tense descrito para lectores de pantalla o prop\u00f3sito e funcionalidades daquel. Neste v\u00eddeo non \u00e9 necesario xerar subt\u00edtulos xa que carece de voz en off ou explicaci\u00f3ns sonoras. Tr\u00e1tase de son ambiental das capturas tomadas, sons de auga, vento, paxaros, camp\u00e1s, etc, segundo o contexto<\/li>\n<li>Existen campos de formularios ou bot\u00f3ns onde o texto visible que act\u00faa como a s\u00faa etiqueta non forma parte do seu nome accesible [requisito n\u00famero 9.2.5.3 Inclusi\u00f3n da etiqueta no nome de UNE-EN 301549:2019].<\/li>\n<li>Poder\u00edan existir fallos puntuais de edici\u00f3n nalguna p\u00e1xina web.<\/li>\n<\/ul>\n<\/li>\n<li>Carga desproporcionada\n<ul>\n<li>Non aplica.<\/li>\n<\/ul>\n<\/li>\n<li>O contido non entra dentro do \u00e1mbito da lexislaci\u00f3n aplicable\n<ul>\n<li>Poder\u00edan existir arquivos ofim\u00e1ticos en PDF ou outros formatos publicados antes do 20 de setembro de 2018 que non cumpran na s\u00faa totalidade todos os requisitos de accesibilidade. A\u00ednda que se procurou que a maior\u00eda deles si o cumpran.<\/li>\n<\/ul>\n<\/li>\n<\/ol>\n<h2>Preparaci\u00f3n da presente declaraci\u00f3n de accesibilidade<\/h2>\n<p>A presente declaraci\u00f3n foi preparada o 21 de outubro de 2021.<\/p>\n<p>O m\u00e9todo empregado para preparar a declaraci\u00f3n foi unha autoavaliaci\u00f3n levada a cabo por Jes\u00fas Quintana, J.M. Delicado y Ram\u00f3n de Santiago.<\/p>\n<h2>Observaci\u00f3ns e datos de contacto<\/h2>\n<p>Pode realizar comunicaci\u00f3ns sobre requisitos de accesibilidade (art\u00edculo 10.2.a) do RD 1112\/2018) como por exemplo:<\/p>\n<ul>\n<li>i<a href=\"https:\/\/sarria.sedelectronica.es\/?x=8o44RGLMzXS8qp8Cwfz8OKMlBIhMlSbOGa26hBWEYXwhSxQy-9Krforc5yfB9scLa9EweMobYyMdv6S*TtLCWHzDDCgpMnfj5mEDyZyX94lKUPTt6KAh-5JBfg4lhHZRFX1AfgDTMIWT8dpkO5WhhHVQcVLleWSUbHUh1rn2irh1itf0oC23YscDOpFO0UEsyk7sO6aWQb8Xfi63egeE*Q\" rel=\"noopener\">informar sobre calquera posible incumprimento por parte deste sitio web<\/a><\/li>\n<li><a href=\"https:\/\/sarria.sedelectronica.es\/?x=8o44RGLMzXS8qp8Cwfz8OKMlBIhMlSbOGa26hBWEYXwhSxQy-9Krforc5yfB9scLa9EweMobYyMdv6S*TtLCWHzDDCgpMnfj5mEDyZyX94lKUPTt6KAh-5JBfg4lhHZRFX1AfgDTMIWT8dpkO5WhhHVQcVLleWSUbHUh1rn2irh1itf0oC23YscDOpFO0UEsyk7sO6aWQb8Xfi63egeE*Q\" rel=\"noopener\">transmitir outras dificuldades de acceso ao contido<\/a><\/li>\n<li><a href=\"https:\/\/sarria.sedelectronica.es\/?x=8o44RGLMzXS8qp8Cwfz8OKMlBIhMlSbOGa26hBWEYXwhSxQy-9Krforc5yfB9scLa9EweMobYyMdv6S*TtLCWHzDDCgpMnfj5mEDyZyX94lKUPTt6KAh-5JBfg4lhHZRFX1AfgDTMIWT8dpkO5WhhHVQcVLleWSUbHUh1rn2irh1itf0oC23YscDOpFO0UEsyk7sO6aWQb8Xfi63egeE*Q\" rel=\"noopener\">formular calquera outra consulta ou suxerencia de mellora relativa \u00e1 accesibilidade do sitio web<\/a><\/li>\n<\/ul>\n<p>A trav\u00e9s do siguiente formulario de contacto ou chamando ao tel\u00e9fono 982535000<\/p>\n<p>Pode presentar:<\/p>\n<ul>\n<li>unha Queixa relativa ao cumprimento dos requisitos do RD 1112\/2018 oo<\/li>\n<li>unha Solicitude de Informaci\u00f3n accesible relativa a:\n<ul>\n<li>contidos que est\u00e1n exclu\u00eddos do \u00e1mbito de aplicaci\u00f3n do RD 1112\/2018 segundo o establecido polo art\u00edculo 3, apartado 4<\/li>\n<li>contidos que est\u00e1n exentos do cumprimento dos requisitos de accesibilidade por impo\u00f1er unha carga desproporcionada.<\/li>\n<\/ul>\n<\/li>\n<\/ul>\n<p>Na Solicitude de informaci\u00f3n accesible, d\u00e9bense concretar, con claridade, os feitos, raz\u00f3ns e petici\u00f3n que permitan constatar que se trata dunha solicitude razonable e lex\u00edtima.<\/p>\n<p>A trav\u00e9s da <a href=\"https:\/\/sarria.sedelectronica.es\/dossier.1.1?x=a5sGzwHv-qQjFPIOs593sgxEFbw5CHgDOZ1j20o1yCKH8M2vvOnCYoyIkVzoaYa555C8IHNCGGE*kKWSHqbyH98p*VQlEvEwgC*4ImY5qKE\" rel=\"noopener\">Instancia Xen\u00e9rica da Sede electr\u00f3nica do Concello de Sarria<\/a> ,as\u00ed como do resto de opci\u00f3ns recollidas na Lei 39\/ 2015, de 1 de outubro, do Procedemento Administrativo Com\u00fan das Administraci\u00f3ns P\u00fablicas.<\/p>\n<p>As comunicaci\u00f3ns, queixas e solicitudes de informaci\u00f3n accesible ser\u00e1n recibidas e tratadas pola Secretar\u00eda Xeral de Administraci\u00f3n Dixital.<\/p>\n<h2>Procedemento de aplicaci\u00f3n<\/h2>\n<p>Se unha vez realizada unha solicitude de informaci\u00f3n accesible ou queixa, esta tivese sido desestimada, non se estivese de acordo coa decisi\u00f3n adoptada, ou a resposta non cumprise os requisitos contemplados no art\u00edculo 12.5, a persona interesada poder\u00e1 iniciar unha reclamaci\u00f3n. Igualmente poderase iniciar unha reclamaci\u00f3n no caso de que te\u00f1a trascorrido o prazo de vinte d\u00edas h\u00e1biles sen ter obtido resposta.<\/p>\n<p>A reclamaci\u00f3n pode ser presentada a trav\u00e9s da <a href=\"https:\/\/sarria.sedelectronica.es\/dossier.1.1?x=a5sGzwHv-qQjFPIOs593sgxEFbw5CHgDOZ1j20o1yCLNH7vGr8mhDWC4M8mHmVz0bK*5Xh4pidSdMH3QQK1YL6j4u2Um4pfl6rYc9mr0AWc\" rel=\"noopener\">Instancia Xen\u00e9rica da Sede electr\u00f3nica do Concello de Sarria<\/a> ,as\u00ed como no resto de opci\u00f3ns recollidas na Lei 39\/ 2015, de 1 de outubro, do Procedemento Administrativo Com\u00fan das Administraci\u00f3ns P\u00fablicas.<\/p>\n<h2>Contido opcional<\/h2>\n<p>Este sitio web aplica os requisitos da Norma <a title=\"UNE-EN 301549:2019 (Abre en nova xanela)\" href=\"https:\/\/administracionelectronica.gob.es\/PAe\/accesibilidad\/une-en-301549-2019.pdf\" target=\"_blank\" rel=\"noopener\">UNE-EN 301549:2019<\/a> considerando as excepci\u00f3ns do RD 1112\/2018.<\/p>\n<p>A \u00faltima revisi\u00f3n da accesibilidade realizouse en outubro de 2021.<\/p>\n<p>O sitio web est\u00e1 optimizado para os navegadores Microsoft Internet Explorer 8.0 ou versiones superiores e as \u00faltimas versi\u00f3ns vixentes de FireFox, Safari, Opera e Google Chrome. A resoluci\u00f3n web m\u00ednima recomendada \u00e9 de 1200&#215;1024.<\/p>\n<p>O sitio web est\u00e1 dese\u00f1ado para a s\u00faa visualizaci\u00f3n Responsive, co que se visualiza de forma \u00f3ptima nos dispositivos tablet e m\u00f3biles. Nestes dispositivos est\u00e1 optimizado para a s\u00faa visualizaci\u00f3n nas \u00faltimas versi\u00f3ns vixentes de Chrome for mobile, Firefox for mobile, Safari mobile, Opera Mini e navegador nativo de Android.<\/p>\n<p>Incorporanse unha serie de atallos de teclado para facilitar a navegaci\u00f3n a trav\u00e9s do portal:<\/p>\n<table>\n<caption>Atallos de teclado<\/caption>\n<thead>\n<tr>\n<th scope=\"col\">Atallos de teclado<\/th>\n<th scope=\"col\">P\u00e1xinas<\/th>\n<th scope=\"col\">URL<\/th>\n<\/tr>\n<\/thead>\n<tbody>\n<tr>\n<td>0<\/td>\n<td>P\u00e1xina de inicio<\/td>\n<td>https:\/\/sarriaturismo.com<\/td>\n<\/tr>\n<tr>\n<td>1<\/td>\n<td>Percorre Sarria<\/td>\n<td>https:\/\/sarriaturismo.com\/recorre\/<\/td>\n<\/tr>\n<tr>\n<td>2<\/td>\n<td>Visita<\/td>\n<td>https:\/\/sarriaturismo.com\/visita\/<\/td>\n<\/tr>\n<tr>\n<td>3<\/td>\n<td>Descansa<\/td>\n<td>https:\/\/sarriaturismo.com\/descansa\/<\/td>\n<\/tr>\n<tr>\n<td>4<\/td>\n<td>Saborea<\/td>\n<td>https:\/\/sarriaturismo.com\/saborea\/<\/td>\n<\/tr>\n<tr>\n<td>5<\/td>\n<td>Desfruta<\/td>\n<td>https:\/\/sarriaturismo.com\/disfruta\/<\/td>\n<\/tr>\n<tr>\n<td>6<\/td>\n<td>Favoritos<\/td>\n<td>https:\/\/sarriaturismo.com\/favoritos\/<\/td>\n<\/tr>\n<tr>\n<td>7<\/td>\n<td>Planifica<\/td>\n<td>https:\/\/sarriaturismo.com\/planifica\/<\/td>\n<\/tr>\n<tr>\n<td>8<\/td>\n<td>Info<\/td>\n<td>https:\/\/sarriaturismo.com\/info\/<\/td>\n<\/tr>\n<tr>\n<td>9<\/td>\n<td>Sitemap<\/td>\n<td>https:\/\/sarriaturismo.com\/sitemap\/<\/td>\n<\/tr>\n<tr>\n<td>a<\/td>\n<td>Accesibilidade<\/td>\n<td>https:\/\/sarriaturismo.com\/accesibilidad\/<\/td>\n<\/tr>\n<tr>\n<td>m<\/td>\n<td>Mapas e Gu\u00edas<\/td>\n<td>https:\/\/sarriaturismo.com\/mapas\/<\/td>\n<\/tr>\n<tr>\n<td>r<\/td>\n<td>Engade o teu establecemento<\/td>\n<td>https:\/\/sarriaturismo.com\/add\/<\/td>\n<\/tr>\n<tr>\n<td><\/td>\n<td><\/td>\n<td><\/td>\n<\/tr>\n<\/tbody>\n<\/table>\n<p>Dependendo do navegador desde o cal se est\u00e9 accedendo ao portal, ser\u00e1 necesario utilizar unha combinaci\u00f3n de teclas ou outras para o uso dos atallos de teclado:<\/p>\n<table>\n<caption>Combinaci\u00f3n de teclas<\/caption>\n<thead>\n<tr>\n<th scope=\"col\">Sistema Operativo<\/th>\n<th scope=\"col\">Navegador<\/th>\n<th scope=\"col\">Combinaci\u00f3n de teclas<\/th>\n<\/tr>\n<\/thead>\n<tbody>\n<tr>\n<td rowspan=\"4\">Windows<\/td>\n<td>Internet Explorer<\/td>\n<td>Alt + Tecla de atallo<\/td>\n<\/tr>\n<tr>\n<td>Google Chrome<\/td>\n<td>Alt + Tecla de atallo<\/td>\n<\/tr>\n<tr>\n<td>Safari<\/td>\n<td>Alt + Tecla de atallo<\/td>\n<\/tr>\n<tr>\n<td>Firefox<\/td>\n<td>Alt + May\u00fascula + Tecla de atallo<\/td>\n<\/tr>\n<tr>\n<td rowspan=\"3\">MAC<\/td>\n<td>Safari<\/td>\n<td>Ctrl + Alt + Tecla de atallo<\/td>\n<\/tr>\n<tr>\n<td>Google Chrome<\/td>\n<td>Ctrl + Alt + Tecla de atallo<\/td>\n<\/tr>\n<tr>\n<td>Firefox<\/td>\n<td>Ctrl + Tecla de atallo<\/td>\n<\/tr>\n<tr>\n<td>Ubuntu<\/td>\n<td>Firefox<\/td>\n<td>Alt + May\u00fascula + Tecla de atallo<\/td>\n<\/tr>\n<\/tbody>\n<\/table>\n","protected":false},"excerpt":{"rendered":"<p>De acordo co Real Decreto 1112\/2018, de 7 de septembro, sobre accesibilidade dos sitios web e aplicaci\u00f3ns para dispositivos m\u00f3biles do sector p\u00fablico. A presente declaraci\u00f3n de accesibilidade aplicase ao sitio web sarriaturismo.com Situaci\u00f3n de cumprimento Este sitio web \u00e9 parcialmente conforme co RD 1112\/2018 debido \u00e1s excepci\u00f3ns e \u00e1 falta de conformidade dos aspectos [&#8230;]\n","protected":false},"author":1,"featured_media":0,"parent":0,"menu_order":0,"comment_status":"closed","ping_status":"closed","template":"","meta":{"inline_featured_image":false,"h5ap_radio_sources":[],"footnotes":""},"class_list":{"1":"page"},"_links":{"self":[{"href":"https:\/\/sarriaturismo.com\/gl\/wp-json\/wp\/v2\/pages\/9581","targetHints":{"allow":["GET"]}}],"collection":[{"href":"https:\/\/sarriaturismo.com\/gl\/wp-json\/wp\/v2\/pages"}],"about":[{"href":"https:\/\/sarriaturismo.com\/gl\/wp-json\/wp\/v2\/types\/page"}],"author":[{"embeddable":true,"href":"https:\/\/sarriaturismo.com\/gl\/wp-json\/wp\/v2\/users\/1"}],"replies":[{"embeddable":true,"href":"https:\/\/sarriaturismo.com\/gl\/wp-json\/wp\/v2\/comments?post=9581"}],"version-history":[{"count":0,"href":"https:\/\/sarriaturismo.com\/gl\/wp-json\/wp\/v2\/pages\/9581\/revisions"}],"wp:attachment":[{"href":"https:\/\/sarriaturismo.com\/gl\/wp-json\/wp\/v2\/media?parent=9581"}],"curies":[{"name":"wp","href":"https:\/\/api.w.org\/{rel}","templated":true}]}}