{"id":9950,"date":"2021-06-28T22:32:14","date_gmt":"2021-06-28T22:32:14","guid":{"rendered":"https:\/\/sarriaturismo.com\/creditos\/"},"modified":"2025-08-12T22:02:14","modified_gmt":"2025-08-12T22:02:14","slug":"creditos","status":"publish","type":"page","link":"https:\/\/sarriaturismo.com\/en\/creditos\/","title":{"rendered":"Credits"},"content":{"rendered":"<p>This site was made with the work, love and experience of a great team, to highlight:<\/p>\n<p>Raquel Tresguerres, Digital Designer,<br \/>\nVirginia Romera, Copy &amp; Storyteller,<br \/>\nJes\u00fas Quintana, Front-end, development and direction,<br \/>\nRam\u00f3n de Santiago, Back-end, programming,<br \/>\nJos\u00e9 Mar\u00eda D\u00edaz Bern\u00e1rdez, Photography,<br \/>\nV\u00edctor Formoselle, Photography and video,<br \/>\nManuel Somoza, Photography,<br \/>\nTrevor Huxham, Photography,<\/p>\n<p>And other employees of the City Council<\/p>\n<p>Special thanks to Arlindo (Xaime F\u00e9lix L\u00f3pez Arias), Chronicler of Sarria.<\/p>\n","protected":false},"excerpt":{"rendered":"<p>This site was made with the work, love and experience of a great team, to highlight: Raquel Tresguerres, Digital Designer, Virginia Romera, Copy &amp; Storyteller, Jes\u00fas Quintana, Front-end, development and direction, Ram\u00f3n de Santiago, Back-end, programming, Jos\u00e9 Mar\u00eda D\u00edaz Bern\u00e1rdez, Photography, V\u00edctor Formoselle, Photography and video, Manuel Somoza, Photography, Trevor Huxham, Photography, And other employees [&#8230;]\n","protected":false},"author":1,"featured_media":0,"parent":0,"menu_order":0,"comment_status":"closed","ping_status":"closed","template":"","meta":{"inline_featured_image":false,"h5ap_radio_sources":[],"footnotes":""},"class_list":{"1":"page"},"_links":{"self":[{"href":"https:\/\/sarriaturismo.com\/en\/wp-json\/wp\/v2\/pages\/9950","targetHints":{"allow":["GET"]}}],"collection":[{"href":"https:\/\/sarriaturismo.com\/en\/wp-json\/wp\/v2\/pages"}],"about":[{"href":"https:\/\/sarriaturismo.com\/en\/wp-json\/wp\/v2\/types\/page"}],"author":[{"embeddable":true,"href":"https:\/\/sarriaturismo.com\/en\/wp-json\/wp\/v2\/users\/1"}],"replies":[{"embeddable":true,"href":"https:\/\/sarriaturismo.com\/en\/wp-json\/wp\/v2\/comments?post=9950"}],"version-history":[{"count":0,"href":"https:\/\/sarriaturismo.com\/en\/wp-json\/wp\/v2\/pages\/9950\/revisions"}],"wp:attachment":[{"href":"https:\/\/sarriaturismo.com\/en\/wp-json\/wp\/v2\/media?parent=9950"}],"curies":[{"name":"wp","href":"https:\/\/api.w.org\/{rel}","templated":true}]}}