{"id":10003,"date":"2020-12-09T23:07:14","date_gmt":"2020-12-09T23:07:14","guid":{"rendered":"https:\/\/sarriaturismo.com\/camino-santiago\/"},"modified":"2022-04-26T22:53:22","modified_gmt":"2022-04-26T22:53:22","slug":"camino-santiago","status":"publish","type":"page","link":"https:\/\/sarriaturismo.com\/en\/recorre\/camino-santiago\/","title":{"rendered":"The Way of Saint James"},"content":{"rendered":"\t<section class=\"section dark\" id=\"section_357827450\">\n\t\t<div class=\"bg section-bg fill bg-fill  bg-loaded\" >\n\n\t\t\t\n\t\t\t\n\t\t\t\n\n\t\t<\/div>\n\n\t\t\n\n\t\t<div class=\"section-content relative\">\n\t\t\t\n<div class=\"row\" style=\"max-width:780px\" id=\"row-1299552977\">\n\n\t<div id=\"col-455727804\" class=\"col hide-for-small medium-2 small-12 large-2\"  >\n\t\t\t\t<div class=\"col-inner\"  >\n\t\t\t\n\t\t\t\n\t\t<\/div>\n\t\t\t\t\t<\/div>\n\n\t\n\n\t<div id=\"col-417666519\" class=\"col medium-8 small-12 large-8\"  >\n\t\t\t\t<div class=\"col-inner text-center\"  >\n\t\t\t\n\t\t\t\n\t<div id=\"text-2403400829\" class=\"text\">\n\t\t\n<p>FROM SARRIA TO COMPOSTELA<br \/>\n\t\t\n<style>\n#text-2403400829 {\n  text-align: center;\n}\n<\/style>\n\t<\/div>\n\t\n\t<div id=\"text-2374864346\" class=\"text\">\n\t\t\n<h1>French Way of St. James<\/h1>\n\t\t\n<style>\n#text-2374864346 {\n  text-align: center;\n}\n<\/style>\n\t<\/div>\n\t\n\t<div id=\"text-3215964355\" class=\"text\">\n\t\t\n<p class=\"p18\">Climb the <b>Escalinata Maior<\/b> and enter the historical area of Sarria: Neo-Gothic church of Santa Mari\u00f1a (1885), church of San Salvador (13th century), Torre da Fortaleza (13th century), A Madalena Monastery (12th century), the old pilgrims&#8217; hospital of San Ant\u00f3n (16th century) or the chapel of San L\u00e1zaro (15th-17th century).<\/p>\n<p class=\"p18\">Leave the village by <b>Ponte da \u00c1spera<\/b> (rebuilt in the 18th century on a medieval bridge) and start to climb up to the <b>Romanesque Church of Santiago de Barbadelo<\/b> (12th century), declared a Site of Cultural Interest.<\/p>\n<p>Iglesia Rom\u00e1nica de Santiago de Barbadelo<\/b> (12th century).<\/p>\n<p class=\"p18\">We encourage you to walk the <b>114 kilometres that separate you from Santiago<\/b> and the Compostela or to do the <b>Sarria &#8211; Portomar\u00edn<\/b> stage of the French Way<\/b> of 21.6 kilometres. Shall we walk? <\/p>\n\t\t\n<style>\n#text-3215964355 {\n  text-align: left;\n}\n<\/style>\n\t<\/div>\n\t\n\t\t<\/div>\n\t\t\t\t\t<\/div>\n\n\t\n\n\t<div id=\"col-10959331\" class=\"col hide-for-small medium-2 small-12 large-2\"  >\n\t\t\t\t<div class=\"col-inner\"  >\n\t\t\t\n\t\t\t\n\t\t<\/div>\n\t\t\t\t\t<\/div>\n\n\t\n<\/div>\n<div class=\"row\"  id=\"row-1526263998\">\n\n\t<div id=\"col-1880633038\" class=\"col small-12 large-12\"  >\n\t\t\t\t<div class=\"col-inner\"  >\n\t\t\t\n\t\t\t\n\n  <div class=\"banner has-hover\" id=\"banner-352860320\">\n          <div class=\"banner-inner fill\">\n        <div class=\"banner-bg fill\" >\n            <div class=\"bg fill bg-fill \"><\/div>\n                                    \n                    <\/div>\n\t\t\n        <div class=\"banner-layers container\">\n            <div class=\"fill banner-link\"><\/div>            \n\t<div class=\"img has-hover x0 md-x0 lg-x0 y0 md-y0 lg-y0\" id=\"image_453583443\">\n\t\t\t\t\t\t\t\t<div class=\"img-inner dark\" >\n\t\t\t<img loading=\"lazy\" decoding=\"async\" width=\"1020\" height=\"1020\" src=\"https:\/\/sarriaturismo.com\/wp-content\/uploads\/2021\/07\/vieira.svg\" class=\"attachment-large size-large\" alt=\"Vieira del Camino de Santiago\" \/>\t\t\t\t\t\t\n\t\t\t\t\t<\/div>\n\t\t\t\t\t\t\t\t\n<style>\n#image_453583443 {\n  width: 10%;\n}\n<\/style>\n\t<\/div>\n\t\n        <\/div>\n      <\/div>\n\n            \n<style>\n#banner-352860320 {\n  padding-top: 521px;\n}\n#banner-352860320 .bg.bg-loaded {\n  background-image: url(https:\/\/sarriaturismo.com\/wp-content\/uploads\/2022\/02\/camino.jpg);\n}\n<\/style>\n  <\/div>\n\n\n\t\t<\/div>\n\t\t\t\t\t<\/div>\n\n\t\n<\/div>\n\t\t<\/div>\n\n\t\t\n<style>\n#section_357827450 {\n  padding-top: 70px;\n  padding-bottom: 70px;\n  background-color: rgb(24, 24, 24);\n}\n<\/style>\n\t<\/section>\n\t\n\t<section class=\"section curv-topnomask\" id=\"section_436940052\">\n\t\t<div class=\"bg section-bg fill bg-fill  bg-loaded\" >\n\n\t\t\t\n\t\t\t\n\t\t\t\n\t<div class=\"is-border\"\n\t\tstyle=\"border-width:0px 0px 0px 0px;\">\n\t<\/div>\n\n\t\t<\/div>\n\n\t\t\n\n\t\t<div class=\"section-content relative\">\n\t\t\t]\n\t<div id=\"gap-1514741709\" class=\"gap-element clearfix\" style=\"display:block; height:auto;\">\n\t\t\n<style>\n#gap-1514741709 {\n  padding-top: 121px;\n}\n<\/style>\n\t<\/div>\n\t\n<div class=\"row row-full-width align-middle\"  id=\"row-1262537903\">\n\n\t<div id=\"col-343674515\" class=\"col medium-3 small-12 large-3\"  >\n\t\t\t\t<div class=\"col-inner\"  >\n\t\t\t\n\t\t\t\n\t<div class=\"img has-hover x md-x lg-x y md-y lg-y\" id=\"image_1964794729\">\n\t\t\t\t\t\t\t\t<div class=\"img-inner box-shadow-2 dark\" >\n\t\t\t\t\t\t\t\t\t\n\t\t\t\t\t<\/div>\n\t\t\t\t\t\t\t\t\n<style>\n#image_1964794729 {\n  width: 100%;\n}\n<\/style>\n\t<\/div>\n\t\n\t\t<\/div>\n\t\t\t\t\t<\/div>\n\n\t\n\n\t<div id=\"col-458974521\" class=\"col medium-7 small-12 large-7\"  >\n\t\t\t\t<div class=\"col-inner text-left\"  >\n\t\t\t\n\t\t\t\n\n\t\t<div class=\"tabbed-content\">\n\t\t\t<h4 class=\"uppercase text-center\">The route of the Way of Saint James in the municipality of Sarria.<\/h4>\n\t\t\t<ul class=\"nav nav-simple nav-vertical nav-normal nav-size-xlarge nav-center\" role=\"tablist\"><li id=\"tab-sarria\" class=\"tab active has-icon\" role=\"presentation\"><a href=\"#tab_sarria\" role=\"tab\" aria-selected=\"true\" aria-controls=\"tab_sarria\"><span>Sarria<\/span><\/a><\/li>\n<li id=\"tab-the-way\" class=\"tab has-icon\" role=\"presentation\"><a href=\"#tab_the-way\" tabindex=\"-1\" role=\"tab\" aria-selected=\"false\" aria-controls=\"tab_the-way\"><span>The Way<\/span><\/a><\/li>\n<li id=\"tab-valle-jacobeo\" class=\"tab has-icon\" role=\"presentation\"><a href=\"#tab_valle-jacobeo\" tabindex=\"-1\" role=\"tab\" aria-selected=\"false\" aria-controls=\"tab_valle-jacobeo\"><span>Valle Jacobeo<\/span><\/a><\/li>\n<li id=\"tab-el\u00edas-jos\u00e9-vali\u00f1a-sampedro\" class=\"tab has-icon\" role=\"presentation\"><a href=\"#tab_el\u00edas-jos\u00e9-vali\u00f1a-sampedro\" tabindex=\"-1\" role=\"tab\" aria-selected=\"false\" aria-controls=\"tab_el\u00edas-jos\u00e9-vali\u00f1a-sampedro\"><span>El\u00edas Jos\u00e9 Vali\u00f1a Sampedro<\/span><\/a><\/li><\/ul><div class=\"tab-panels\"><div id=\"tab_sarria\" class=\"panel active entry-content\" role=\"tabpanel\" aria-labelledby=\"tab-sarria\">\n<p class=\"p18\">The <em>&#8220;Strata publica peregrinorum&#8221;<\/em> or <em>&#8220;Corga Francesa&#8221;<\/em>, runs through the municipality of Sarria for 19 km. (the variant of Samos that passes through Perros adds 2 km more).<br \/>\nIt enters the Concello de Sarria through A Furela (Concello de Samos), continuing through Pint\u00edn and A Pedra de Calvor (where there is currently a pilgrims&#8217; hostel of the public network), in this place joins the variant of Samos, where the stop before Calvor would be Perros; it continues to Aguiada and from there continues through San Mamede do Cami\u00f1o, San Pedro do Cami\u00f1o, O Pividal, Vigo de Sarria and O Campo do Rolo reaches Ponte Ribeira; to cross the town of Sarria along R\u00faa do Peregrino, Escaleira da Fonte or Escalinata Maior, R\u00faa Maior, R\u00faa da Mercede, where the former kilometre point 111 was located (where the former Prisi\u00f3n Preventiva, nowadays the Tourist Office, is located), until reaching the Mosteiro da Magdalena (Convento de la Merced).<\/p>\n<p>From A Ponte da \u00c1spera, via San Miguel, O Castro and As Paredes, it reaches Vilei, continuing via Mosteiro de Barbadelo, San Silvestre, Rente, Mercado da Serra, and via the real Mui\u00f1o de Marz\u00e1n, O Sistelo, A Olga, Novelle, Peruscallo, Corti\u00f1as, Lavandeira, O Casal, A Brea and finally Morgade.<\/p>\n<\/div>\n<div id=\"tab_the-way\" class=\"panel entry-content\" role=\"tabpanel\" aria-labelledby=\"tab-the-way\">\n<p>The <strong>Camino de Santiago<\/strong> was declared a World Heritage Site by UNESCO<\/strong>, First European Cultural Itinerary by the European Parliament and received the Prince of Asturias Award for Concord.<\/p>\n<p>All this highlights the importance of the cultural, religious, ideological and coexistence exchange generated by the pilgrimages and how every year more and more pilgrims of all languages, nationalities and cultures make this secular route on foot, by bicycle, on horseback or by other means, for a wide variety of reasons.<\/p>\n<p>Most of these pilgrims choose Sarria, the place where the king Alfonso IX finished his pilgrimage, to begin theirs, as Sarria is 114 km from Santiago de Compostela, within the minimum distance necessary to obtain the Compostela; as well as being well communicated and being the town with the greatest number of services on the French Way and having a great infrastructure.<\/p>\n<p>In the current boom in pilgrimages, the Sarrian don <strong>El\u00edas Vali\u00f1a Sampedro<\/strong>, &#8220;O Cura do Cebreiro&#8221;, inventor of the universal yellow arrow of the Camino, played a very important role.<\/p>\n<\/div>\n<div id=\"tab_valle-jacobeo\" class=\"panel entry-content\" role=\"tabpanel\" aria-labelledby=\"tab-valle-jacobeo\">\n<p>The octocentenary town of Sarria has been a place of passage for pilgrims since the Middle Ages, its history is linked to the pilgrimages. As a result of this cultural and artistic flourishing, several monasteries were founded throughout the region, such as Santo Estevo de Calvor (785), Santa Mar\u00eda de Corvelle (857) or San Mateo de Vilapedre (second half of the 10th century), San Marti\u00f1o and Santiago de Barbadelo, San Paio de Pi\u00f1eira, Santiago de Mortol\u00e1ns, San Paio de Cesar, San Salvador de Barxa, San Salvador de Rosende, San Mamede de Pinza, San Pedro de Ta\u00edde&#8230;<\/p>\n<p>The <strong>Monastery of Magdalena<\/strong>, founded at the beginning of the 13th century as a hospital and hostel for the rest and shelter of pilgrims, by two Italian monks of the Order of the Blessed Martyrs of Christ, deserves special mention.<\/p>\n<div class=\"expand\">\n<p class=\"extra_content\">There were other hospitals in Sarria: Santo Ant\u00f3n (16th century), now a courthouse, founded by Don Din\u00eds de Castro, which served pilgrims returning from Santiago, and San L\u00e1zaro (for lepers), of which only a beautiful chapel remains, the Hospital Vello, on the site at number 18 of R\u00faa Maior, as well as those of A Aguiada, O Carballal, Santa Marta, Barbadelo, Morgade and Goi\u00e1n.<\/p>\n<p> Sarria is also home to the hospitals of A Aguiada, O Carballal, Santa Marta, Barbadelo, Morgade and Goi\u00e1n.<\/p>\n<p><button class=\"read_more\">Read more<\/button><\/p>\n<\/div>\n<p>The Jacobean presence of which the nine hospitals established in the area were proof, is currently active in the hostels of the town and rural areas.<\/p>\n<\/div>\n<div id=\"tab_el\u00edas-jos\u00e9-vali\u00f1a-sampedro\" class=\"panel entry-content\" role=\"tabpanel\" aria-labelledby=\"tab-el\u00edas-jos\u00e9-vali\u00f1a-sampedro\">\n<p><img loading=\"lazy\" decoding=\"async\" class=\"size-full wp-image-8617 alignright\" src=\"https:\/\/sarriaturismo.com\/wp-content\/uploads\/2022\/02\/elias-valina.jpg\" alt=\"Fotograf\u00eda de El\u00edas Vali\u00f1a Sampedro\" width=\"194\" height=\"260\" \/>In fact, don <strong>El\u00edas Vali\u00f1a Sampedro<\/strong>, is the best known Sarrian among the illustrious sons of the 20th century. Without his effective work, it would be impossible to understand the current success of the millenary pilgrimage route to Santiago de Compostela.<\/p>\n<p>He was born in Mond\u00edn, in the parish of Santa Mar\u00eda de Lier (02\/02\/1929). He studied at the Lugo Seminary and was ordained a priest. He holds a degree in Canon Law from the University of Comillas and a PhD from the University of Salamanca.<\/p>\n<div class=\"expand\">\n<p class=\"extra_content\">Known as <em>&#8220;O cura do Cebreiro&#8221; (the priest of Cebreiro)<\/em>, for carrying out his apostolic work in several parishes in the Concello de Pedrafita, from 1967, and for his active participation in the restoration of the village and its significance as a Jacobean landmark, as he was the driving force behind the restoration of the temple, the hostelry of the village of O Cebreiro, which was in danger of extinction. Work began in 1962 and in 1971 an Ethnographic Museum was inaugurated in the restored pallozas.<\/p>\n<p>His work <em>&#8220;El Camino de Santiago. Estudio hist\u00f3rico-jur\u00eddico&#8221;<\/em>, was awarded the <em>&#8220;Antonio Nebrija&#8221;<\/em> Prize (1967) and published in 1971 by the Consejo Superior de Investigaciones Cient\u00edficas.<\/p>\n<p>He was a corresponding member of the Academy of Doctors of Madrid (law section) and a member of the Commission of Cultural Heritage of the Church in Galicia and of the Council of Culture of the Provincial Council of Lugo.<\/p>\n<p>He actively participated in the <em>&#8220;Inventario hist\u00f3rico-art\u00edstico de Lugo y su provincia&#8221;<\/em> (Madrid 1975-1983), collaborated with the Pontifical University of Salamanca in the elaboration of the first volume of the <em>&#8220;Synodicon Hispanum&#8221;<\/em> (Madrid 1981), dedicated to Galicia and was commissioned by the secretary of Tourism to write the <em>&#8220;Gu\u00eda del Peregrino. Camino de Santiago&#8221;<\/em> (Madrid 1982). In 1971 he published in the Faro de Vigo the work <em>&#8220;Caminos de Compostela&#8221;<\/em>.<\/p>\n<p>In 1986 he published the work <em>&#8220;Cat\u00e1logo de los archivos parroquiales de la di\u00f3cesis de Lugo&#8221;<\/em>. For which the CSIC awarded him the <em>&#8220;Jos\u00e9 Mar\u00eda Cuadrado&#8221;<\/em> prize. Other publications: <em>&#8220;Galicia y el actual resurgimiento del Camino de Santiago&#8221;<\/em>.<\/p>\n<p>Actively dedicated to the revitalisation of the Camino de Santiago, in 1984 he undertook the signposting of the different stages with the yellow arrow, which distinguishes it, from Valcarlos to Compostela, and within the Galician section he carried out cleaning work, fixing alternatives, etc.<\/p>\n<p>He published several <strong>guides to the Camino de Santiago<\/strong>, promoted by tourist publishers, which stand out for being practical and well-founded. His intense Jacobean work led to his appointment as Commissioner of the Way of St. James at the <em>&#8220;I Encuentro Jacobeo&#8221;<\/em> (Santiago 1985). Promoter and inspirer of Associations of Friends of the Way of St. James, both in Spain and abroad, and of their federation, he published an interesting <em>&#8220;Bulletin of the Way of St. James&#8221;<\/em> and participated in conferences, informative cycles, congresses, etc. in a work of authentic Jacobean apostolate.<\/p>\n<p>His death surprised him on 11\/12\/1989, when his work was bearing its first fruits and pilgrimages were once again becoming a mass event. He was buried in the Church of Santa Mar\u00eda A Real do Cebreiro, in the atrium of the temple. There are many signs of homage and admiration left in heartfelt inscriptions dedicated to his figure, by associations, institutions and individuals from different countries, placed next to a memorial bust.<\/p>\n<p>Honouring his memory there is a street named after him in the town, this street joins the historic route of the Camino and the road that connects O Cebreiro with Portomar\u00edn, just at the entrance of Sarria; it serves to remember and pay tribute to a unique character who devoted all his efforts to revive and enhance the pilgrimages to Compostela. In the Church of Santa Mari\u00f1a is installed an inscription in his memory as &#8220;constructor do Cami\u00f1o das modernas peregrinaci\u00f3ns&#8221; dedicated by Curso de Historia Comarcal of the now defunct Centro de Estudios para Adultos.<\/p>\n<p>In 2015 he was posthumously named Favourite Son of Sarria and his portrait was added to the Gallery of Illustrious Sarrians.<\/p>\n<p><em>Source: Seminario de Estudos Sarriaos.<\/em><\/p>\n<p><button class=\"read_more\">Read more<\/button><\/p>\n<\/div>\n<\/div><\/div><\/div>\n\t\t<\/div>\n\t\t\t\t\t<\/div>\n\n\t\n<\/div>\n<div class=\"row row-collapse row-full-width\"  id=\"row-1169395210\">\n\n\t<div id=\"col-1220459309\" class=\"col small-12 large-12\"  >\n\t\t\t\t<div class=\"col-inner\"  >\n\t\t\t\n\t\t\t\n\n  <div class=\"banner has-hover\" id=\"banner-1134830402\">\n          <div class=\"banner-inner fill\">\n        <div class=\"banner-bg fill\" >\n            <div class=\"bg fill bg-fill \"><\/div>\n                                    \n                    <\/div>\n\t\t\n        <div class=\"banner-layers container\">\n            <div class=\"fill banner-link\"><\/div>            \n   <div id=\"text-box-54362496\" class=\"text-box banner-layer x10 md-x95 lg-x95 y100 md-y90 lg-y90 res-text\">\n                                <div class=\"text-box-content text dark\">\n              \n              <div class=\"text-inner text-center\">\n                  \n\t<div id=\"text-985977844\" class=\"text\">\n\t\t\n<p>#CaminoSarria<\/p>\n\t\t\n<style>\n#text-985977844 {\n  font-size: 2.9rem;\n  line-height: 0.75;\n}\n@media (min-width:550px) {\n  #text-985977844 {\n    font-size: 4rem;\n  }\n}\n<\/style>\n\t<\/div>\n\t\n              <\/div>\n           <\/div>\n                            \n<style>\n#text-box-54362496 {\n  width: 60%;\n}\n#text-box-54362496 .text-box-content {\n  font-size: 100%;\n}\n<\/style>\n    <\/div>\n \n        <\/div>\n      <\/div>\n\n            \n<style>\n#banner-1134830402 {\n  padding-top: 874px;\n}\n#banner-1134830402 .bg.bg-loaded {\n  background-image: url(https:\/\/sarriaturismo.com\/wp-content\/uploads\/2021\/07\/rectangle-1.jpg);\n}\n#banner-1134830402 .bg {\n  background-position: 38% 45%;\n}\n<\/style>\n  <\/div>\n\n\n\t\t<\/div>\n\t\t\t\t\t<\/div>\n\n\t\n<\/div>\n\t\t<\/div>\n\n\t\t\n<style>\n#section_436940052 {\n  padding-top: 0px;\n  padding-bottom: 0px;\n}\n@media (min-width:550px) {\n  #section_436940052 {\n    padding-top: 0px;\n    padding-bottom: 0px;\n  }\n}\n<\/style>\n\t<\/section>\n\t\n\t<section class=\"section\" id=\"section_661073423\">\n\t\t<div class=\"bg section-bg fill bg-fill  bg-loaded\" >\n\n\t\t\t\n\t\t\t\n\t\t\t\n\n\t\t<\/div>\n\n\t\t\n\n\t\t<div class=\"section-content relative\">\n\t\t\t\n<div class=\"row row-collapse row-full-width\"  id=\"row-471950157\">\n\n\t<div id=\"col-2147446516\" class=\"col medium-2 small-12 large-2\"  >\n\t\t\t\t<div class=\"col-inner\"  >\n\t\t\t\n\t\t\t\n\t\t<\/div>\n\t\t\t\t\t<\/div>\n\n\t\n\n\t<div id=\"col-2059022649\" class=\"col medium-8 small-12 large-8\"  >\n\t\t\t\t<div class=\"col-inner\"  >\n\t\t\t\n\t\t\t\n<p><iframe style=\"width: 1px; min-width: 100%; height: 700px; border: none;\" src=\"https:\/\/ridewithgps.com\/embeds?type=route&amp;id=8094635&amp;metricUnits=true&amp;sampleGraph=true\" scrolling=\"no\"><\/iframe><\/p>\n\t\t<\/div>\n\t\t\t\t\t<\/div>\n\n\t\n\n\t<div id=\"col-320473813\" class=\"col medium-2 small-12 large-2\"  >\n\t\t\t\t<div class=\"col-inner\"  >\n\t\t\t\n\t\t\t\n\t\t<\/div>\n\t\t\t\t\t<\/div>\n\n\t\n<\/div>\n\t\t<\/div>\n\n\t\t\n<style>\n#section_661073423 {\n  padding-top: 187px;\n  padding-bottom: 187px;\n  background-color: rgb(134, 204, 255);\n}\n<\/style>\n\t<\/section>\n\t\n","protected":false},"excerpt":{"rendered":"","protected":false},"author":1,"featured_media":0,"parent":10083,"menu_order":0,"comment_status":"closed","ping_status":"closed","template":"page-blank.php","meta":{"inline_featured_image":false,"h5ap_radio_sources":[],"footnotes":""},"class_list":{"1":"page"},"_links":{"self":[{"href":"https:\/\/sarriaturismo.com\/en\/wp-json\/wp\/v2\/pages\/10003","targetHints":{"allow":["GET"]}}],"collection":[{"href":"https:\/\/sarriaturismo.com\/en\/wp-json\/wp\/v2\/pages"}],"about":[{"href":"https:\/\/sarriaturismo.com\/en\/wp-json\/wp\/v2\/types\/page"}],"author":[{"embeddable":true,"href":"https:\/\/sarriaturismo.com\/en\/wp-json\/wp\/v2\/users\/1"}],"replies":[{"embeddable":true,"href":"https:\/\/sarriaturismo.com\/en\/wp-json\/wp\/v2\/comments?post=10003"}],"version-history":[{"count":0,"href":"https:\/\/sarriaturismo.com\/en\/wp-json\/wp\/v2\/pages\/10003\/revisions"}],"up":[{"embeddable":true,"href":"https:\/\/sarriaturismo.com\/en\/wp-json\/wp\/v2\/pages\/10083"}],"wp:attachment":[{"href":"https:\/\/sarriaturismo.com\/en\/wp-json\/wp\/v2\/media?parent=10003"}],"curies":[{"name":"wp","href":"https:\/\/api.w.org\/{rel}","templated":true}]}}